{"id":4788,"date":"2026-04-30T09:53:41","date_gmt":"2026-04-30T14:53:41","guid":{"rendered":"https:\/\/www.iush.edu.co\/inicio\/?page_id=4788"},"modified":"2026-05-04T15:12:30","modified_gmt":"2026-05-04T20:12:30","slug":"punto-naf","status":"publish","type":"page","link":"https:\/\/www.iush.edu.co\/inicio\/nuestras-escuelas\/escuela-de-ciencias-administrativas-sociales-y-humanas\/punto-naf\/","title":{"rendered":"Punto NAF"},"content":{"rendered":"\t\t<div data-elementor-type=\"wp-page\" data-elementor-id=\"4788\" class=\"elementor elementor-4788\" data-elementor-post-type=\"page\">\n\t\t\t\t<div data-particle_enable=\"false\" data-particle-mobile-disabled=\"false\" class=\"elementor-element elementor-element-532ffc7 elementor-hidden-tablet elementor-hidden-mobile e-flex e-con-boxed e-con e-parent\" data-id=\"532ffc7\" data-element_type=\"container\">\n\t\t\t\t\t<div class=\"e-con-inner\">\n\t\t\t\t<div class=\"elementor-element elementor-element-f87e387 elementor-widget elementor-widget-spacer\" data-id=\"f87e387\" data-element_type=\"widget\" data-widget_type=\"spacer.default\">\n\t\t\t\t\t\t\t<div class=\"elementor-spacer\">\n\t\t\t<div class=\"elementor-spacer-inner\"><\/div>\n\t\t<\/div>\n\t\t\t\t\t\t<\/div>\n\t\t\t\t\t<\/div>\n\t\t\t\t<\/div>\n\t\t<div data-particle_enable=\"false\" data-particle-mobile-disabled=\"false\" class=\"elementor-element elementor-element-0918d94 e-con-full e-flex e-con e-parent\" data-id=\"0918d94\" data-element_type=\"container\">\n\t\t\t\t<div class=\"elementor-element elementor-element-4b4771d elementor-widget elementor-widget-eael-breadcrumbs\" data-id=\"4b4771d\" data-element_type=\"widget\" data-widget_type=\"eael-breadcrumbs.default\">\n\t\t\t\t<div class=\"elementor-widget-container\">\n\t\t\t\t\t\t\t<div class=\"eael-breadcrumbs\">\n\t\t\t<div class=\"eael-breadcrumbs__content\"><a href=\"https:\/\/www.iush.edu.co\/inicio\">Home<\/a> <span class=\"eael-breadcrumb-separator\"><svg aria-hidden=\"true\" class=\"e-font-icon-svg e-fas-angle-double-right\" viewBox=\"0 0 448 512\" xmlns=\"http:\/\/www.w3.org\/2000\/svg\"><path d=\"M224.3 273l-136 136c-9.4 9.4-24.6 9.4-33.9 0l-22.6-22.6c-9.4-9.4-9.4-24.6 0-33.9l96.4-96.4-96.4-96.4c-9.4-9.4-9.4-24.6 0-33.9L54.3 103c9.4-9.4 24.6-9.4 33.9 0l136 136c9.5 9.4 9.5 24.6.1 34zm192-34l-136-136c-9.4-9.4-24.6-9.4-33.9 0l-22.6 22.6c-9.4 9.4-9.4 24.6 0 33.9l96.4 96.4-96.4 96.4c-9.4 9.4-9.4 24.6 0 33.9l22.6 22.6c9.4 9.4 24.6 9.4 33.9 0l136-136c9.4-9.2 9.4-24.4 0-33.8z\"><\/path><\/svg><\/span> <span class = \"eael-current\">P\u00e1gina<\/span><\/div>\t\t<\/div>\n\t\t\t\t\t\t<\/div>\n\t\t\t\t<\/div>\n\t\t\t\t<\/div>\n\t\t<div data-particle_enable=\"false\" data-particle-mobile-disabled=\"false\" class=\"elementor-element elementor-element-d593200 e-flex e-con-boxed e-con e-parent\" data-id=\"d593200\" data-element_type=\"container\">\n\t\t\t\t\t<div class=\"e-con-inner\">\n\t\t<div data-particle_enable=\"false\" data-particle-mobile-disabled=\"false\" class=\"elementor-element elementor-element-d15f13e e-con-full e-flex e-con e-child\" data-id=\"d15f13e\" data-element_type=\"container\" data-settings=\"{&quot;background_background&quot;:&quot;slideshow&quot;,&quot;background_slideshow_gallery&quot;:[{&quot;id&quot;:4869,&quot;url&quot;:&quot;https:\\\/\\\/www.iush.edu.co\\\/inicio\\\/wp-content\\\/uploads\\\/2026\\\/05\\\/IMG_8648-scaled.jpg&quot;}],&quot;background_slideshow_slide_duration&quot;:5000,&quot;background_slideshow_slide_transition&quot;:&quot;fade&quot;,&quot;background_slideshow_transition_duration&quot;:500}\">\n\t\t<div data-particle_enable=\"false\" data-particle-mobile-disabled=\"false\" class=\"elementor-element elementor-element-4324e9f e-con-full eael_liquid_glass-effect2 eael_liquid_glass_shadow-effect4 e-flex e-con e-child\" data-id=\"4324e9f\" data-element_type=\"container\" data-settings=\"{&quot;background_background&quot;:&quot;classic&quot;,&quot;position&quot;:&quot;absolute&quot;}\">\n\t\t\t\t<div class=\"elementor-element elementor-element-9229620 elementor-widget elementor-widget-heading\" data-id=\"9229620\" data-element_type=\"widget\" data-widget_type=\"heading.default\">\n\t\t\t\t\t<h2 class=\"elementor-heading-title elementor-size-default\">Punto NAF<\/h2>\t\t\t\t<\/div>\n\t\t\t\t<\/div>\n\t\t        \n        <svg style=\"display: none\">\n            <style>\n                [data-id=\"4324e9f\"].eael_liquid_glass-effect3 {\n                    backdrop-filter: url(#eael-glass-distortion3-4324e9f);\n                }\n                [data-id=\"4324e9f\"].eael_liquid_glass-effect4 {\n                    backdrop-filter: blur(5px) url(#eael-glass-distortion4-4324e9f); webkit-backdrop-filter: blur(5px);\n                }\n                [data-id=\"4324e9f\"].eael_liquid_glass-effect5 {\n                    backdrop-filter: blur(0px) url(#eael-glass-distortion5-4324e9f); webkit-backdrop-filter: blur(0px);\n                }\n                [data-id=\"4324e9f\"].eael_liquid_glass-effect6 {\n                    backdrop-filter: blur(7px) url(#eael-glass-distortion6-4324e9f); webkit-backdrop-filter: blur(7px);\n                }\n            <\/style>\n\n            <filter id=\"eael-glass-distortion3-4324e9f\" x=\"0\" y=\"0\" width=\"100%\" height=\"100%\" filterUnits=\"objectBoundingBox\">\n                <feTurbulence type=\"fractalNoise\" baseFrequency=\"0.003 0.007\" numOctaves=\"1\" result=\"turbulence\" \/>\n                <feDisplacementMap in=\"SourceGraphic\" in2=\"turbulence\" scale=\"200\" xChannelSelector=\"R\" yChannelSelector=\"G\" \/>\n            <\/filter>\n            \n\t\t\t<filter id=\"eael-glass-distortion4-4324e9f\" x=\"0%\" y=\"0%\" width=\"100%\" height=\"100%\">\n                <feTurbulence type=\"fractalNoise\" baseFrequency=\"0.008 0.008\" numOctaves=\"2\" seed=\"92\" result=\"noise\" \/>\n                <feGaussianBlur in=\"noise\" stdDeviation=\"0.02\" result=\"blur\" \/>\n                <feDisplacementMap in=\"SourceGraphic\" in2=\"blur\" scale=\"77\" xChannelSelector=\"R\" yChannelSelector=\"G\" \/>\n            <\/filter>\n            \n            <filter id=\"eael-glass-distortion5-4324e9f\" x=\"0%\" y=\"0%\" width=\"100%\" height=\"100%\">\n                <feTurbulence type=\"fractalNoise\" baseFrequency=\"1.008 1.008\" numOctaves=\"1\" seed=\"9000\" result=\"noise\" \/>\n                <feGaussianBlur in=\"noise\" stdDeviation=\"0.1\" result=\"blurred\" \/>\n                <feDisplacementMap in=\"SourceGraphic\" in2=\"blurred\" scale=\"77\" xChannelSelector=\"R\" yChannelSelector=\"G\" \/>\n            <\/filter>\n\n            <filter id=\"eael-glass-distortion6-4324e9f\">\n                <feTurbulence type=\"turbulence\" baseFrequency=\"0.02\" numOctaves=\"3\" result=\"turbulence\"\/>\n                <feDisplacementMap in2=\"turbulence\" in=\"SourceGraphic\" scale=\"30\" xChannelSelector=\"R\" yChannelSelector=\"G\"\/>\n            <\/filter>\n\t\t\t\n        <\/svg>\n        \t\t<\/div>\n\t\t\t\t\t<\/div>\n\t\t\t\t<\/div>\n\t\t<div data-particle_enable=\"false\" data-particle-mobile-disabled=\"false\" class=\"elementor-element elementor-element-2f8cf9d elementor-hidden-tablet elementor-hidden-mobile e-con-full e-flex e-con e-parent\" data-id=\"2f8cf9d\" data-element_type=\"container\">\n\t\t\t\t<div class=\"elementor-element elementor-element-f1ed1bf elementor-widget elementor-widget-text-editor\" data-id=\"f1ed1bf\" data-element_type=\"widget\" data-widget_type=\"text-editor.default\">\n\t\t\t\t\t\t\t\t\t<p style=\"text-align: right;\">(Unidad sat\u00e9lite DIAN)<\/p>\t\t\t\t\t\t\t\t<\/div>\n\t\t\t\t<div class=\"elementor-element elementor-element-9977807 elementor-widget elementor-widget-spacer\" data-id=\"9977807\" data-element_type=\"widget\" data-widget_type=\"spacer.default\">\n\t\t\t\t\t\t\t<div class=\"elementor-spacer\">\n\t\t\t<div class=\"elementor-spacer-inner\"><\/div>\n\t\t<\/div>\n\t\t\t\t\t\t<\/div>\n\t\t\t\t<\/div>\n\t\t<div data-particle_enable=\"false\" data-particle-mobile-disabled=\"false\" class=\"elementor-element elementor-element-2cb0d4d e-flex e-con-boxed e-con e-parent\" data-id=\"2cb0d4d\" data-element_type=\"container\">\n\t\t\t\t\t<div class=\"e-con-inner\">\n\t\t<div data-particle_enable=\"false\" data-particle-mobile-disabled=\"false\" class=\"elementor-element elementor-element-212c588 e-con-full e-flex e-con e-child\" data-id=\"212c588\" data-element_type=\"container\">\n\t\t\t\t<div class=\"elementor-element elementor-element-2cdd761 elementor-widget elementor-widget-heading\" data-id=\"2cdd761\" data-element_type=\"widget\" data-widget_type=\"heading.default\">\n\t\t\t\t\t<h2 class=\"elementor-heading-title elementor-size-default\">Punto NAF \u2013 IUSH (Unidad sat\u00e9lite DIAN)<\/h2>\t\t\t\t<\/div>\n\t\t\t\t<div class=\"elementor-element elementor-element-bbd842e elementor-widget elementor-widget-text-editor\" data-id=\"bbd842e\" data-element_type=\"widget\" data-widget_type=\"text-editor.default\">\n\t\t\t\t\t\t\t\t\t<div class=\"col-sm-8 main-info\"><section class=\"content\"><p>Los NAF ofrecen espacios de atenci\u00f3n, donde estudiantes y docentes de las Instituciones de Educaci\u00f3n Superior brindan orientaci\u00f3n b\u00e1sica en materia fiscal de forma gratuita, para asistir a los ciudadanos en el uso correcto de los servicios en l\u00ednea que ofrece la DIAN.<\/p><p>En nuestro punto\u00a0<strong>ofrecemos asesor\u00edas gratuitas<\/strong>\u00a0en temas concernientes a:<\/p><ul><li>Obligaciones tributarias<\/li><li>R\u00e9gimen aduanero<\/li><li>R\u00e9gimen cambiario<\/li><\/ul><\/section><\/div>\t\t\t\t\t\t\t\t<\/div>\n\t\t\t\t<\/div>\n\t\t<a data-particle_enable=\"false\" data-particle-mobile-disabled=\"false\" class=\"elementor-element elementor-element-d1d4aa7 e-con-full e-transform e-flex e-con e-child\" data-id=\"d1d4aa7\" data-element_type=\"container\" data-settings=\"{&quot;background_background&quot;:&quot;classic&quot;,&quot;_transform_scale_effect_hover&quot;:{&quot;unit&quot;:&quot;px&quot;,&quot;size&quot;:1.02,&quot;sizes&quot;:[]},&quot;_transform_scale_effect_hover_tablet&quot;:{&quot;unit&quot;:&quot;px&quot;,&quot;size&quot;:&quot;&quot;,&quot;sizes&quot;:[]},&quot;_transform_scale_effect_hover_mobile&quot;:{&quot;unit&quot;:&quot;px&quot;,&quot;size&quot;:&quot;&quot;,&quot;sizes&quot;:[]}}\" href=\"https:\/\/tawk.to\/chat\/61702e6486aee40a5737893c\/1fif3aeob\" target=\"_blank\">\n\t\t\t\t<div class=\"elementor-element elementor-element-97d391f elementor-widget elementor-widget-heading\" data-id=\"97d391f\" data-element_type=\"widget\" data-widget_type=\"heading.default\">\n\t\t\t\t\t<h2 class=\"elementor-heading-title elementor-size-default\">Ingrese su consulta <br> AQU\u00cd<\/h2>\t\t\t\t<\/div>\n\t\t\t\t<\/a>\n\t\t\t\t\t<\/div>\n\t\t\t\t<\/div>\n\t\t<div data-particle_enable=\"false\" data-particle-mobile-disabled=\"false\" class=\"elementor-element elementor-element-a8f223c elementor-hidden-tablet elementor-hidden-mobile e-flex e-con-boxed e-con e-parent\" data-id=\"a8f223c\" data-element_type=\"container\">\n\t\t\t\t\t<div class=\"e-con-inner\">\n\t\t\t\t<div class=\"elementor-element elementor-element-00c1995 elementor-widget elementor-widget-spacer\" data-id=\"00c1995\" data-element_type=\"widget\" data-widget_type=\"spacer.default\">\n\t\t\t\t\t\t\t<div class=\"elementor-spacer\">\n\t\t\t<div class=\"elementor-spacer-inner\"><\/div>\n\t\t<\/div>\n\t\t\t\t\t\t<\/div>\n\t\t\t\t\t<\/div>\n\t\t\t\t<\/div>\n\t\t<div data-particle_enable=\"false\" data-particle-mobile-disabled=\"false\" class=\"elementor-element elementor-element-7710c15 e-flex e-con-boxed e-con e-parent\" data-id=\"7710c15\" data-element_type=\"container\">\n\t\t\t\t\t<div class=\"e-con-inner\">\n\t\t\t\t<div class=\"elementor-element elementor-element-a316213 elementor-widget elementor-widget-heading\" data-id=\"a316213\" data-element_type=\"widget\" data-widget_type=\"heading.default\">\n\t\t\t\t\t<h2 class=\"elementor-heading-title elementor-size-default\">Consultorio Empresarial<\/h2>\t\t\t\t<\/div>\n\t\t\t\t<div class=\"elementor-element elementor-element-0f90ad8 elementor-widget elementor-widget-text-editor\" data-id=\"0f90ad8\" data-element_type=\"widget\" data-widget_type=\"text-editor.default\">\n\t\t\t\t\t\t\t\t\t<p>Le apostamos desde nuestra convicci\u00f3n al desarrollo de una sociedad donde el\u00a0<strong>emprendimiento significa progreso, avance y transformaci\u00f3n<\/strong>. Ofrecemos servicios de asesor\u00eda y consultor\u00eda* para mi MiPymes en:<\/p><ul><li>Ciclo contable empresarial<\/li><li>Procedimientos tributarios<\/li><li>Procesos contables<\/li><li>Costos y presupuestos<\/li><li>Finanzas para la toma de decisiones<\/li><li>Auditor\u00eda y control<\/li><li>Gesti\u00f3n organizacional<\/li><li>Estudios de mercado<\/li><li>Mercadeo digital<\/li><li>Dise\u00f1o de marca<\/li><li>Dise\u00f1o de portafolio empresarial<\/li><li>Importaciones y exportaciones<\/li><li>Comercio exterior<\/li><li>Talento humano<\/li><li>Cultura y clima organizacional<\/li><\/ul><p>\u00a0<\/p><p><strong>Canales asignaci\u00f3n y atenci\u00f3n de citas:<\/strong><\/p><ul><li><strong>Presencial<\/strong>:\u00a0<a href=\"https:\/\/goo.gl\/maps\/b8sUUDsCT662\" target=\"_blank\" rel=\"noopener\">Bulevar Libertadores de Am\u00e9rica # 52-49<\/a>, Bloque Acad\u00e9mico 1, Piso 3: Escuela de Administraci\u00f3n.<\/li><li><strong>Tel\u00e9fono<\/strong>: 604 4600700 Ext.: 2146 \u2013\u00a0 2258 &#8211; 2205<\/li><li><strong>Correo electr\u00f3nico<\/strong>:\u00a0<a href=\"mailto:consultorioempresarial@salazaryherrera.edu.co\">consultorioempresarial@salazaryherrera.edu.co<\/a><\/li><\/ul><p>\u00a0<\/p><p>* Los costos est\u00e1n sujetos a las necesidades espec\u00edficas de la MiPyme.<\/p>\t\t\t\t\t\t\t\t<\/div>\n\t\t\t\t\t<\/div>\n\t\t\t\t<\/div>\n\t\t<div data-particle_enable=\"false\" data-particle-mobile-disabled=\"false\" class=\"elementor-element elementor-element-3c981ef e-flex e-con-boxed e-con e-parent\" data-id=\"3c981ef\" data-element_type=\"container\">\n\t\t\t\t\t<div class=\"e-con-inner\">\n\t\t\t\t<div class=\"elementor-element elementor-element-8c3fa60 elementor-widget elementor-widget-spacer\" data-id=\"8c3fa60\" data-element_type=\"widget\" data-widget_type=\"spacer.default\">\n\t\t\t\t\t\t\t<div class=\"elementor-spacer\">\n\t\t\t<div class=\"elementor-spacer-inner\"><\/div>\n\t\t<\/div>\n\t\t\t\t\t\t<\/div>\n\t\t\t\t\t<\/div>\n\t\t\t\t<\/div>\n\t\t<div data-particle_enable=\"false\" data-particle-mobile-disabled=\"false\" class=\"elementor-element elementor-element-9aa02b3 e-con-full e-flex e-con e-child\" data-id=\"9aa02b3\" data-element_type=\"container\">\n\t\t\t\t<div class=\"elementor-element elementor-element-96e1713 elementor-widget elementor-widget-heading\" data-id=\"96e1713\" data-element_type=\"widget\" id=\"ContactoExtensi\u00f3n\" data-widget_type=\"heading.default\">\n\t\t\t\t\t<h2 class=\"elementor-heading-title elementor-size-default\">Contacto<\/h2>\t\t\t\t<\/div>\n\t\t\t\t<div class=\"elementor-element elementor-element-a3dcf75 elementor-widget elementor-widget-text-editor\" data-id=\"a3dcf75\" data-element_type=\"widget\" data-widget_type=\"text-editor.default\">\n\t\t\t\t\t\t\t\t\t<p><strong>Tel\u00e9fono<\/strong>: 604 4600700 Ext.: 2146<\/p><p><strong>Correo electr\u00f3nico<\/strong>:\u00a0<a href=\"mailto:puntonaf@salazaryherrera.edu.co\">puntonaf@salazaryherrera.edu.co<\/a><\/p><p><strong>Chat en l\u00ednea<\/strong>: Ingresar,\u00a0<strong><a href=\"https:\/\/tawk.to\/chat\/61702e6486aee40a5737893c\/1fif3aeob\" target=\"_blank\" rel=\"noopener\">haciendo clic aqu\u00ed<\/a><\/strong>. (Mismos horarios de atenci\u00f3n)<\/p><p><strong>Horario de atenci\u00f3n:<\/strong><\/p><ul><li>Lunes \u2013 mi\u00e9rcoles \u2013 viernes: 2:00 a 6:00 p.m.<\/li><li>Martes \u2013 jueves \u2013 s\u00e1bados: \u00a08:00 a.m. a 12:00 m.<\/li><\/ul><p title=\"Centro Investigaci\u00f3n Innovaci\u00f3n Desarrollo Empresarial\" data-log-name=\"DisplayName\"><strong>Ubicaci\u00f3n<\/strong><\/p><p><a href=\"https:\/\/goo.gl\/maps\/b8sUUDsCT662\" target=\"_blank\" rel=\"noopener\">Bulevar Libertadores de Am\u00e9rica # 52-49<\/a>, Bloque Acad\u00e9mico 1, Piso 3: Escuela de Administraci\u00f3n.<\/p><p title=\"Centro Investigaci\u00f3n Innovaci\u00f3n Desarrollo Empresarial\" data-log-name=\"DisplayName\"><strong>\u00a0<\/strong><\/p>\t\t\t\t\t\t\t\t<\/div>\n\t\t\t\t<\/div>\n\t\t\t\t<\/div>\n\t\t","protected":false},"excerpt":{"rendered":"<p>El Departamento de Admisiones y Registro, es una unidad de car\u00e1cter operativo dependiente de la Secretar\u00eda General, que tiene por misi\u00f3n asegurar la correcta aplicaci\u00f3n de la pol\u00edtica, sistema y proceso de admisiones y registro de los estudiantes, acorde con los principios y objetivos de la Instituci\u00f3n Universitaria Salazar y Herrera. <\/p>\n","protected":false},"author":2,"featured_media":0,"parent":4600,"menu_order":0,"comment_status":"closed","ping_status":"closed","template":"","meta":{"footnotes":""},"class_list":["post-4788","page","type-page","status-publish","hentry"],"yoast_head":"<!-- This site is optimized with the Yoast SEO plugin v26.3 - https:\/\/yoast.com\/wordpress\/plugins\/seo\/ -->\n<title>Punto NAF - Instituci\u00f3n Universitaria Salazar y Herrera<\/title>\n<meta name=\"robots\" content=\"index, follow, max-snippet:-1, max-image-preview:large, max-video-preview:-1\" \/>\n<link rel=\"canonical\" href=\"https:\/\/www.iush.edu.co\/inicio\/nuestras-escuelas\/escuela-de-ciencias-administrativas-sociales-y-humanas\/punto-naf\/\" \/>\n<meta property=\"og:locale\" content=\"es_ES\" \/>\n<meta property=\"og:type\" content=\"article\" \/>\n<meta property=\"og:title\" content=\"Punto NAF - Instituci\u00f3n Universitaria Salazar y Herrera\" \/>\n<meta property=\"og:description\" content=\"El Departamento de Admisiones y Registro, es una unidad de car\u00e1cter operativo dependiente de la Secretar\u00eda General, que tiene por misi\u00f3n asegurar la correcta aplicaci\u00f3n de la pol\u00edtica, sistema y proceso de admisiones y registro de los estudiantes, acorde con los principios y objetivos de la Instituci\u00f3n Universitaria Salazar y Herrera.\" \/>\n<meta property=\"og:url\" content=\"https:\/\/www.iush.edu.co\/inicio\/nuestras-escuelas\/escuela-de-ciencias-administrativas-sociales-y-humanas\/punto-naf\/\" \/>\n<meta property=\"og:site_name\" content=\"Instituci\u00f3n Universitaria Salazar y Herrera\" \/>\n<meta property=\"article:modified_time\" content=\"2026-05-04T20:12:30+00:00\" \/>\n<meta property=\"og:image\" content=\"https:\/\/www.iush.edu.co\/inicio\/wp-content\/uploads\/2026\/02\/IUSH-INFRAESTRUCTURA-scaled.jpg\" \/>\n\t<meta property=\"og:image:width\" content=\"2560\" \/>\n\t<meta property=\"og:image:height\" content=\"1707\" \/>\n\t<meta property=\"og:image:type\" content=\"image\/jpeg\" \/>\n<meta name=\"twitter:card\" content=\"summary_large_image\" \/>\n<meta name=\"twitter:label1\" content=\"Tiempo de lectura\" \/>\n\t<meta name=\"twitter:data1\" content=\"1 minuto\" \/>\n<script type=\"application\/ld+json\" class=\"yoast-schema-graph\">{\"@context\":\"https:\/\/schema.org\",\"@graph\":[{\"@type\":\"WebPage\",\"@id\":\"https:\/\/www.iush.edu.co\/inicio\/nuestras-escuelas\/escuela-de-ciencias-administrativas-sociales-y-humanas\/punto-naf\/\",\"url\":\"https:\/\/www.iush.edu.co\/inicio\/nuestras-escuelas\/escuela-de-ciencias-administrativas-sociales-y-humanas\/punto-naf\/\",\"name\":\"Punto NAF - Instituci\u00f3n Universitaria Salazar y Herrera\",\"isPartOf\":{\"@id\":\"https:\/\/www.iush.edu.co\/inicio\/#website\"},\"datePublished\":\"2026-04-30T14:53:41+00:00\",\"dateModified\":\"2026-05-04T20:12:30+00:00\",\"breadcrumb\":{\"@id\":\"https:\/\/www.iush.edu.co\/inicio\/nuestras-escuelas\/escuela-de-ciencias-administrativas-sociales-y-humanas\/punto-naf\/#breadcrumb\"},\"inLanguage\":\"es-CO\",\"potentialAction\":[{\"@type\":\"ReadAction\",\"target\":[\"https:\/\/www.iush.edu.co\/inicio\/nuestras-escuelas\/escuela-de-ciencias-administrativas-sociales-y-humanas\/punto-naf\/\"]}]},{\"@type\":\"BreadcrumbList\",\"@id\":\"https:\/\/www.iush.edu.co\/inicio\/nuestras-escuelas\/escuela-de-ciencias-administrativas-sociales-y-humanas\/punto-naf\/#breadcrumb\",\"itemListElement\":[{\"@type\":\"ListItem\",\"position\":1,\"name\":\"Inicio\",\"item\":\"https:\/\/www.iush.edu.co\/inicio\/\"},{\"@type\":\"ListItem\",\"position\":2,\"name\":\"Nuestras Escuelas\",\"item\":\"https:\/\/www.iush.edu.co\/inicio\/nuestras-escuelas\/\"},{\"@type\":\"ListItem\",\"position\":3,\"name\":\"Escuela de Ciencias Administrativas, Sociales y Humanas\",\"item\":\"https:\/\/www.iush.edu.co\/inicio\/nuestras-escuelas\/escuela-de-ciencias-administrativas-sociales-y-humanas\/\"},{\"@type\":\"ListItem\",\"position\":4,\"name\":\"Punto NAF\"}]},{\"@type\":\"WebSite\",\"@id\":\"https:\/\/www.iush.edu.co\/inicio\/#website\",\"url\":\"https:\/\/www.iush.edu.co\/inicio\/\",\"name\":\"Instituci\u00f3n Universitaria Salazar y Herrera\",\"description\":\"Formamos profesionales competitivos con visi\u00f3n estrat\u00e9gica y valores s\u00f3lidos, que impactan en la sociedad.\",\"publisher\":{\"@id\":\"https:\/\/www.iush.edu.co\/inicio\/#organization\"},\"alternateName\":\"IU Salazar y Herrera\",\"potentialAction\":[{\"@type\":\"SearchAction\",\"target\":{\"@type\":\"EntryPoint\",\"urlTemplate\":\"https:\/\/www.iush.edu.co\/inicio\/?s={search_term_string}\"},\"query-input\":{\"@type\":\"PropertyValueSpecification\",\"valueRequired\":true,\"valueName\":\"search_term_string\"}}],\"inLanguage\":\"es-CO\"},{\"@type\":\"Organization\",\"@id\":\"https:\/\/www.iush.edu.co\/inicio\/#organization\",\"name\":\"Instituci\u00f3n Universitaria Salazar y Herrera\",\"alternateName\":\"IU Salazar y Herrera\",\"url\":\"https:\/\/www.iush.edu.co\/inicio\/\",\"logo\":{\"@type\":\"ImageObject\",\"inLanguage\":\"es-CO\",\"@id\":\"https:\/\/www.iush.edu.co\/inicio\/#\/schema\/logo\/image\/\",\"url\":\"https:\/\/www.iush.edu.co\/inicio\/wp-content\/uploads\/2025\/11\/Logo-32.png\",\"contentUrl\":\"https:\/\/www.iush.edu.co\/inicio\/wp-content\/uploads\/2025\/11\/Logo-32.png\",\"width\":1365,\"height\":970,\"caption\":\"Instituci\u00f3n Universitaria Salazar y Herrera\"},\"image\":{\"@id\":\"https:\/\/www.iush.edu.co\/inicio\/#\/schema\/logo\/image\/\"}}]}<\/script>\n<!-- \/ Yoast SEO plugin. -->","yoast_head_json":{"title":"Punto NAF - Instituci\u00f3n Universitaria Salazar y Herrera","robots":{"index":"index","follow":"follow","max-snippet":"max-snippet:-1","max-image-preview":"max-image-preview:large","max-video-preview":"max-video-preview:-1"},"canonical":"https:\/\/www.iush.edu.co\/inicio\/nuestras-escuelas\/escuela-de-ciencias-administrativas-sociales-y-humanas\/punto-naf\/","og_locale":"es_ES","og_type":"article","og_title":"Punto NAF - Instituci\u00f3n Universitaria Salazar y Herrera","og_description":"El Departamento de Admisiones y Registro, es una unidad de car\u00e1cter operativo dependiente de la Secretar\u00eda General, que tiene por misi\u00f3n asegurar la correcta aplicaci\u00f3n de la pol\u00edtica, sistema y proceso de admisiones y registro de los estudiantes, acorde con los principios y objetivos de la Instituci\u00f3n Universitaria Salazar y Herrera.","og_url":"https:\/\/www.iush.edu.co\/inicio\/nuestras-escuelas\/escuela-de-ciencias-administrativas-sociales-y-humanas\/punto-naf\/","og_site_name":"Instituci\u00f3n Universitaria Salazar y Herrera","article_modified_time":"2026-05-04T20:12:30+00:00","og_image":[{"width":2560,"height":1707,"url":"https:\/\/www.iush.edu.co\/inicio\/wp-content\/uploads\/2026\/02\/IUSH-INFRAESTRUCTURA-scaled.jpg","type":"image\/jpeg"}],"twitter_card":"summary_large_image","twitter_misc":{"Tiempo de lectura":"1 minuto"},"schema":{"@context":"https:\/\/schema.org","@graph":[{"@type":"WebPage","@id":"https:\/\/www.iush.edu.co\/inicio\/nuestras-escuelas\/escuela-de-ciencias-administrativas-sociales-y-humanas\/punto-naf\/","url":"https:\/\/www.iush.edu.co\/inicio\/nuestras-escuelas\/escuela-de-ciencias-administrativas-sociales-y-humanas\/punto-naf\/","name":"Punto NAF - Instituci\u00f3n Universitaria Salazar y Herrera","isPartOf":{"@id":"https:\/\/www.iush.edu.co\/inicio\/#website"},"datePublished":"2026-04-30T14:53:41+00:00","dateModified":"2026-05-04T20:12:30+00:00","breadcrumb":{"@id":"https:\/\/www.iush.edu.co\/inicio\/nuestras-escuelas\/escuela-de-ciencias-administrativas-sociales-y-humanas\/punto-naf\/#breadcrumb"},"inLanguage":"es-CO","potentialAction":[{"@type":"ReadAction","target":["https:\/\/www.iush.edu.co\/inicio\/nuestras-escuelas\/escuela-de-ciencias-administrativas-sociales-y-humanas\/punto-naf\/"]}]},{"@type":"BreadcrumbList","@id":"https:\/\/www.iush.edu.co\/inicio\/nuestras-escuelas\/escuela-de-ciencias-administrativas-sociales-y-humanas\/punto-naf\/#breadcrumb","itemListElement":[{"@type":"ListItem","position":1,"name":"Inicio","item":"https:\/\/www.iush.edu.co\/inicio\/"},{"@type":"ListItem","position":2,"name":"Nuestras Escuelas","item":"https:\/\/www.iush.edu.co\/inicio\/nuestras-escuelas\/"},{"@type":"ListItem","position":3,"name":"Escuela de Ciencias Administrativas, Sociales y Humanas","item":"https:\/\/www.iush.edu.co\/inicio\/nuestras-escuelas\/escuela-de-ciencias-administrativas-sociales-y-humanas\/"},{"@type":"ListItem","position":4,"name":"Punto NAF"}]},{"@type":"WebSite","@id":"https:\/\/www.iush.edu.co\/inicio\/#website","url":"https:\/\/www.iush.edu.co\/inicio\/","name":"Instituci\u00f3n Universitaria Salazar y Herrera","description":"Formamos profesionales competitivos con visi\u00f3n estrat\u00e9gica y valores s\u00f3lidos, que impactan en la sociedad.","publisher":{"@id":"https:\/\/www.iush.edu.co\/inicio\/#organization"},"alternateName":"IU Salazar y Herrera","potentialAction":[{"@type":"SearchAction","target":{"@type":"EntryPoint","urlTemplate":"https:\/\/www.iush.edu.co\/inicio\/?s={search_term_string}"},"query-input":{"@type":"PropertyValueSpecification","valueRequired":true,"valueName":"search_term_string"}}],"inLanguage":"es-CO"},{"@type":"Organization","@id":"https:\/\/www.iush.edu.co\/inicio\/#organization","name":"Instituci\u00f3n Universitaria Salazar y Herrera","alternateName":"IU Salazar y Herrera","url":"https:\/\/www.iush.edu.co\/inicio\/","logo":{"@type":"ImageObject","inLanguage":"es-CO","@id":"https:\/\/www.iush.edu.co\/inicio\/#\/schema\/logo\/image\/","url":"https:\/\/www.iush.edu.co\/inicio\/wp-content\/uploads\/2025\/11\/Logo-32.png","contentUrl":"https:\/\/www.iush.edu.co\/inicio\/wp-content\/uploads\/2025\/11\/Logo-32.png","width":1365,"height":970,"caption":"Instituci\u00f3n Universitaria Salazar y Herrera"},"image":{"@id":"https:\/\/www.iush.edu.co\/inicio\/#\/schema\/logo\/image\/"}}]}},"_links":{"self":[{"href":"https:\/\/www.iush.edu.co\/inicio\/wp-json\/wp\/v2\/pages\/4788","targetHints":{"allow":["GET"]}}],"collection":[{"href":"https:\/\/www.iush.edu.co\/inicio\/wp-json\/wp\/v2\/pages"}],"about":[{"href":"https:\/\/www.iush.edu.co\/inicio\/wp-json\/wp\/v2\/types\/page"}],"author":[{"embeddable":true,"href":"https:\/\/www.iush.edu.co\/inicio\/wp-json\/wp\/v2\/users\/2"}],"replies":[{"embeddable":true,"href":"https:\/\/www.iush.edu.co\/inicio\/wp-json\/wp\/v2\/comments?post=4788"}],"version-history":[{"count":13,"href":"https:\/\/www.iush.edu.co\/inicio\/wp-json\/wp\/v2\/pages\/4788\/revisions"}],"predecessor-version":[{"id":4875,"href":"https:\/\/www.iush.edu.co\/inicio\/wp-json\/wp\/v2\/pages\/4788\/revisions\/4875"}],"up":[{"embeddable":true,"href":"https:\/\/www.iush.edu.co\/inicio\/wp-json\/wp\/v2\/pages\/4600"}],"wp:attachment":[{"href":"https:\/\/www.iush.edu.co\/inicio\/wp-json\/wp\/v2\/media?parent=4788"}],"curies":[{"name":"wp","href":"https:\/\/api.w.org\/{rel}","templated":true}]}}